{"id":31,"date":"2022-03-25T10:52:09","date_gmt":"2022-03-25T10:52:09","guid":{"rendered":"https:\/\/antje-felscher.de\/?page_id=31"},"modified":"2022-03-25T11:36:01","modified_gmt":"2022-03-25T11:36:01","slug":"home","status":"publish","type":"page","link":"https:\/\/antje-felscher.de\/","title":{"rendered":"Home"},"content":{"rendered":"\n<div class=\"wp-block-image\"><figure class=\"aligncenter size-large\"><img loading=\"lazy\" decoding=\"async\" width=\"1024\" height=\"254\" src=\"https:\/\/antje-felscher.de\/wp-content\/uploads\/2022\/03\/keyvisual-1024x254.png\" alt=\"\" class=\"wp-image-23\" srcset=\"https:\/\/antje-felscher.de\/wp-content\/uploads\/2022\/03\/keyvisual-1024x254.png 1024w, https:\/\/antje-felscher.de\/wp-content\/uploads\/2022\/03\/keyvisual-300x74.png 300w, https:\/\/antje-felscher.de\/wp-content\/uploads\/2022\/03\/keyvisual-768x190.png 768w, https:\/\/antje-felscher.de\/wp-content\/uploads\/2022\/03\/keyvisual.png 1280w\" sizes=\"auto, (max-width: 1024px) 100vw, 1024px\" \/><\/figure><\/div>\n\n\n\n<p class=\"has-text-align-center has-medium-font-size\" style=\"font-style:normal;font-weight:100\">Sie m\u00fcssen nicht unbedingt von allen guten Geistern<br>verlassen sein, um mich als Ghostwriterin, Texterin oder<br>Kommunikationsexpertin zu beauftragen!<\/p>\n\n\n\n<hr class=\"wp-block-separator\"\/>\n\n\n\n<div class=\"wp-block-image\"><figure class=\"aligncenter size-full\"><img loading=\"lazy\" decoding=\"async\" width=\"212\" height=\"130\" src=\"https:\/\/antje-felscher.de\/wp-content\/uploads\/2022\/03\/logo.png\" alt=\"\" class=\"wp-image-24\"\/><\/figure><\/div>\n\n\n\n<p>Es reicht schon, wenn Sie die Wirkung der richtigen Worte einzusch\u00e4tzen wissen und mit zielorientierten Texten mehr erreichen m\u00f6chten<\/p>\n\n\n\n<p><strong>in Ihrem Unternehmen mit<\/strong><\/p>\n\n\n\n<ul class=\"wp-block-list\"><li>Pressemitteilungen<\/li><li>Gesch\u00e4ftsberichten<\/li><li>Kunden- und\/oder Mitarbeiter-Magazinen<\/li><li>Buchprojekten<\/li><li>Imagebrosch\u00fcren<\/li><\/ul>\n\n\n\n<p><strong><strong>als Vorstand, Gesch\u00e4ftsf\u00fchrer oder F\u00fchrungskraft mit<\/strong><\/strong><\/p>\n\n\n\n<ul class=\"wp-block-list\"><li>Reden<\/li><li>Vortr\u00e4gen<\/li><li>Strategien zur Verbesserung der internen und externen Kommunikation<\/li><\/ul>\n\n\n\n<p><strong>in Ihrem Beratungsunternehmen oder Ihrer Agentur durch<\/strong><\/p>\n\n\n\n<ul class=\"wp-block-list\"><li>Reports<\/li><li>Werbetexte<\/li><li>Mailings<\/li><li>Professionelles Kommunikationsmanagement<\/li><li>Beratung hin zu sprachlich anspruchsvollen Konzepten und Ver\u00f6ffentlichungen<\/li><\/ul>\n\n\n\n<p>Es kann aber auch sein, dass Sie das alles alleine k\u00f6nnen und einfach eine erfahrene Lektorin an Ihrer Seite haben m\u00f6chten, die Ihre Texte auf Herz und Nieren pr\u00fcft und sie mit dem letzten Feinschliff versieht.<\/p>\n","protected":false},"excerpt":{"rendered":"<p>Sie m\u00fcssen nicht unbedingt von allen guten Geisternverlassen sein, um mich als Ghostwriterin, Texterin oderKommunikationsexpertin zu beauftragen! Es reicht schon, wenn Sie die Wirkung der richtigen Worte einzusch\u00e4tzen wissen und mit zielorientierten Texten mehr erreichen m\u00f6chten in Ihrem Unternehmen mit Pressemitteilungen Gesch\u00e4ftsberichten Kunden- und\/oder Mitarbeiter-Magazinen Buchprojekten Imagebrosch\u00fcren als Vorstand, Gesch\u00e4ftsf\u00fchrer oder F\u00fchrungskraft mit Reden Vortr\u00e4gen [&hellip;]<\/p>\n","protected":false},"author":1,"featured_media":0,"parent":0,"menu_order":0,"comment_status":"closed","ping_status":"closed","template":"templates\/template-page-full-width.php","meta":{"ngg_post_thumbnail":0,"footnotes":""},"class_list":["post-31","page","type-page","status-publish","hentry"],"_links":{"self":[{"href":"https:\/\/antje-felscher.de\/index.php?rest_route=\/wp\/v2\/pages\/31","targetHints":{"allow":["GET"]}}],"collection":[{"href":"https:\/\/antje-felscher.de\/index.php?rest_route=\/wp\/v2\/pages"}],"about":[{"href":"https:\/\/antje-felscher.de\/index.php?rest_route=\/wp\/v2\/types\/page"}],"author":[{"embeddable":true,"href":"https:\/\/antje-felscher.de\/index.php?rest_route=\/wp\/v2\/users\/1"}],"replies":[{"embeddable":true,"href":"https:\/\/antje-felscher.de\/index.php?rest_route=%2Fwp%2Fv2%2Fcomments&post=31"}],"version-history":[{"count":21,"href":"https:\/\/antje-felscher.de\/index.php?rest_route=\/wp\/v2\/pages\/31\/revisions"}],"predecessor-version":[{"id":108,"href":"https:\/\/antje-felscher.de\/index.php?rest_route=\/wp\/v2\/pages\/31\/revisions\/108"}],"wp:attachment":[{"href":"https:\/\/antje-felscher.de\/index.php?rest_route=%2Fwp%2Fv2%2Fmedia&parent=31"}],"curies":[{"name":"wp","href":"https:\/\/api.w.org\/{rel}","templated":true}]}}