{"id":87,"date":"2022-03-25T11:22:34","date_gmt":"2022-03-25T11:22:34","guid":{"rendered":"https:\/\/antje-felscher.de\/?page_id=87"},"modified":"2022-03-25T11:23:05","modified_gmt":"2022-03-25T11:23:05","slug":"impressum","status":"publish","type":"page","link":"https:\/\/antje-felscher.de\/?page_id=87","title":{"rendered":"Impressum"},"content":{"rendered":"\n<p>Antje Felscher<br>Bockumer Stra\u00dfe 151<br>40489 D\u00fcsseldorf<br><br>Tel.: +49 (0)211 \/ 40 89 491<br>Mobil: +49 (0)173 \/ 21 35 860<br><br>email: <a href=\"mailto:af@antje-felscher.de\">af@antje-felscher.de<\/a><br><br>Umsatzsteuer-Identifikationsnummer gem\u00e4\u00df \u00a7 27 a<br>Umsatzsteuergesetz: DE 192304490<br><br>Haftungshinweis: Trotz sorgf\u00e4ltiger inhaltlicher Kontrolle \u00fcbernehme ich keine Haftung f\u00fcr die Inhalte externer Links.<br>F\u00fcr den Inhalt der verlinkten Seiten sind ausschlie\u00dflich deren Betreiber verantwortlich.<br><br>Webgestaltung: <a href=\"mailto:bernd@bernd-stolle.de\">Bernd Stolle<\/a><\/p>\n","protected":false},"excerpt":{"rendered":"<p>Antje FelscherBockumer Stra\u00dfe 15140489 D\u00fcsseldorf Tel.: +49 (0)211 \/ 40 89 491Mobil: +49 (0)173 \/ 21 35 860 email: af@antje-felscher.de Umsatzsteuer-Identifikationsnummer gem\u00e4\u00df \u00a7 27 aUmsatzsteuergesetz: DE 192304490 Haftungshinweis: Trotz sorgf\u00e4ltiger inhaltlicher Kontrolle \u00fcbernehme ich keine Haftung f\u00fcr die Inhalte externer Links.F\u00fcr den Inhalt der verlinkten Seiten sind ausschlie\u00dflich deren Betreiber verantwortlich. Webgestaltung: Bernd Stolle<\/p>\n","protected":false},"author":1,"featured_media":0,"parent":0,"menu_order":0,"comment_status":"closed","ping_status":"closed","template":"templates\/template-page-full-width.php","meta":{"ngg_post_thumbnail":0,"footnotes":""},"class_list":["post-87","page","type-page","status-publish","hentry"],"_links":{"self":[{"href":"https:\/\/antje-felscher.de\/index.php?rest_route=\/wp\/v2\/pages\/87","targetHints":{"allow":["GET"]}}],"collection":[{"href":"https:\/\/antje-felscher.de\/index.php?rest_route=\/wp\/v2\/pages"}],"about":[{"href":"https:\/\/antje-felscher.de\/index.php?rest_route=\/wp\/v2\/types\/page"}],"author":[{"embeddable":true,"href":"https:\/\/antje-felscher.de\/index.php?rest_route=\/wp\/v2\/users\/1"}],"replies":[{"embeddable":true,"href":"https:\/\/antje-felscher.de\/index.php?rest_route=%2Fwp%2Fv2%2Fcomments&post=87"}],"version-history":[{"count":1,"href":"https:\/\/antje-felscher.de\/index.php?rest_route=\/wp\/v2\/pages\/87\/revisions"}],"predecessor-version":[{"id":88,"href":"https:\/\/antje-felscher.de\/index.php?rest_route=\/wp\/v2\/pages\/87\/revisions\/88"}],"wp:attachment":[{"href":"https:\/\/antje-felscher.de\/index.php?rest_route=%2Fwp%2Fv2%2Fmedia&parent=87"}],"curies":[{"name":"wp","href":"https:\/\/api.w.org\/{rel}","templated":true}]}}